{"id":6478,"date":"2025-04-08T14:45:07","date_gmt":"2025-04-08T14:45:07","guid":{"rendered":"https:\/\/razva.com\/edu\/?page_id=6478"},"modified":"2025-04-08T17:00:34","modified_gmt":"2025-04-08T17:00:34","slug":"charte-ethique-et-religieuse","status":"publish","type":"page","link":"https:\/\/razva.com\/edu\/charte-ethique-et-religieuse\/","title":{"rendered":"Charte \u00c9thique et Religieuse \u2013 Institut Razva"},"content":{"rendered":"\n\t<section class=\"section\" id=\"section_543930815\">\n\t\t<div class=\"section-bg fill\" >\n\t\t\t<img loading=\"lazy\" decoding=\"async\" width=\"500\" height=\"500\" src=\"https:\/\/razva.com\/edu\/wp-content\/uploads\/2024\/09\/Cours-Islam-En-Ligne-Certifies.webp\" class=\"bg attachment- size-\" alt=\"cours d&#039;islam en ligne\" \/>\t\t\t\t\t\t<div class=\"section-bg-overlay absolute fill\"><\/div>\n\t\t\t\n\n\t\t<\/div>\n\n\t\t\n\n\t\t<div class=\"section-content relative\">\n\t\t\t\n\t\t<\/div>\n\n\t\t\n<style>\n#section_543930815 {\n  padding-top: 43px;\n  padding-bottom: 43px;\n}\n#section_543930815 .section-bg-overlay {\n  background-color: rgba(0, 0, 0, 0.291);\n}\n#section_543930815 .section-bg img {\n  object-position: 0% 100%;\n}\n@media (min-width:550px) {\n  #section_543930815 {\n    padding-top: 70px;\n    padding-bottom: 70px;\n  }\n}\n@media (min-width:850px) {\n  #section_543930815 {\n    padding-top: 108px;\n    padding-bottom: 108px;\n  }\n}\n<\/style>\n\t<\/section>\n\t\n<div class=\"row\"  id=\"row-209916857\">\n\n\t<div id=\"col-195048796\" class=\"col medium-4 small-12 large-4\"  >\n\t\t\t\t<div class=\"col-inner\"  >\n\t\t\t\n\t\t\t\n\t<div id=\"text-2782353232\" class=\"text\">\n\t\t\n<h1 data-pm-slice=\"1 1 &#091;&#093;\">Charte \u00c9thique et Religieuse \u2013 Institut Razva<\/h1>\n\t\t\n<style>\n#text-2782353232 {\n  font-size: 1.75rem;\n}\n@media (min-width:850px) {\n  #text-2782353232 {\n    font-size: 1.1rem;\n  }\n}\n<\/style>\n\t<\/div>\n\t\n<a href=\"https:\/\/razva.com\/edu\/a-propos\/\" class=\"button secondary is-link\" >\n\t\t<span>\u00c0 propos de l'Institut Razva<\/span>\n\t<i class=\"icon-angle-right\" aria-hidden=\"true\"><\/i><\/a>\n\n\t\t<\/div>\n\t\t\t\t\t<\/div>\n\n\t\n\n\t<div id=\"col-1258669313\" class=\"col medium-8 small-12 large-8\"  >\n\t\t\t\t<div class=\"col-inner\"  >\n\t\t\t\n\t\t\t\n<div class=\"row row-collapse\"  id=\"row-263149141\">\n\n\t<div id=\"col-675793909\" class=\"col medium-1 small-2 large-1\"  >\n\t\t\t\t<div class=\"col-inner\"  >\n\t\t\t\n\t\t\t\n<h2>01<\/h2>\n\t\t<\/div>\n\t\t\t\t\t<\/div>\n\n\t\n\n\t<div id=\"col-1840107399\" class=\"col medium-11 small-10 large-11\"  >\n\t\t\t\t<div class=\"col-inner\"  >\n\t\t\t\n\t\t\t\n<h2 data-pm-slice=\"1 1 &#091;&#093;\">Introduction<\/h2>\n<p class=\"\" data-start=\"253\" data-end=\"593\">L\u2019Institut Islamique en ligne Razva ne se limite pas \u00e0 transmettre un savoir. Il s\u2019inscrit dans une d\u00e9marche spirituelle, \u00e9thique et communautaire, o\u00f9 l\u2019apprentissage se fait dans le respect des valeurs de l\u2019Islam.<\/p>\n<p class=\"\" data-start=\"253\" data-end=\"593\">Cette charte d\u00e9finit le cadre moral et religieux que chaque utilisateur s\u2019engage \u00e0 respecter en utilisant notre plateforme.<\/p>\n\t\t<\/div>\n\t\t\t\t\t<\/div>\n\n\t\n<\/div>\n<div class=\"is-divider divider clearfix\" style=\"margin-top:10px;margin-bottom:10px;max-width:100%;height:1px;\"><\/div>\n<div class=\"row row-collapse\"  id=\"row-762361446\">\n\n\t<div id=\"col-168670660\" class=\"col medium-1 small-2 large-1\"  >\n\t\t\t\t<div class=\"col-inner\"  >\n\t\t\t\n\t\t\t\n<h2>02<\/h2>\n\t\t<\/div>\n\t\t\t\t\t<\/div>\n\n\t\n\n\t<div id=\"col-1170768760\" class=\"col medium-11 small-10 large-11\"  >\n\t\t\t\t<div class=\"col-inner\"  >\n\t\t\t\n\t\t\t\n<h2 data-pm-slice=\"1 1 &#091;&#093;\">Respect des enseignants et des contenus<\/h2>\n<p class=\"\" data-start=\"650\" data-end=\"1037\">\ud83d\udd38 L\u2019utilisateur s\u2019engage \u00e0 respecter les enseignants, leurs efforts et leur autorit\u00e9 dans le cadre des cours.<\/p>\n<p class=\"\" data-start=\"650\" data-end=\"1037\">\ud83d\udd38 Tout contenu (vid\u00e9os, textes, examens, audios) doit \u00eatre utilis\u00e9 uniquement \u00e0 des fins personnelles, dans l\u2019esprit de l\u2019apprentissage sinc\u00e8re.<\/p>\n<p class=\"\" data-start=\"650\" data-end=\"1037\">\ud83d\udd38 Il est strictement interdit de partager, copier ou diffuser les cours ou supports p\u00e9dagogiques sans autorisation pr\u00e9alable.<\/p>\n\t\t<\/div>\n\t\t\t\t\t<\/div>\n\n\t\n<\/div>\n<div class=\"is-divider divider clearfix\" style=\"margin-top:10px;margin-bottom:10px;max-width:100%;height:1px;\"><\/div>\n<div class=\"row row-collapse align-middle\"  id=\"row-330307169\">\n\n\t<div id=\"col-628681478\" class=\"col medium-1 small-2 large-1\"  >\n\t\t\t\t<div class=\"col-inner\"  >\n\t\t\t\n\t\t\t\n<h2>03<\/h2>\n\t\t<\/div>\n\t\t\t\t\t<\/div>\n\n\t\n\n\t<div id=\"col-2018048809\" class=\"col medium-11 small-10 large-11\"  >\n\t\t\t\t<div class=\"col-inner\"  >\n\t\t\t\n\t\t\t\n<h2 data-pm-slice=\"1 1 &#091;&#093;\">Non-partage des comptes<\/h2>\n<p class=\"\" data-start=\"1078\" data-end=\"1397\">\ud83d\udd38 Le compte utilisateur est personnel et ne doit en aucun cas \u00eatre partag\u00e9 avec des proches, amis ou connaissances.<\/p>\n<p class=\"\" data-start=\"1078\" data-end=\"1397\">\ud83d\udd38 Chaque personne souhaitant suivre un cours doit s\u2019inscrire individuellement.<\/p>\n<p class=\"\" data-start=\"1078\" data-end=\"1397\">\ud83d\udd38 Le non-respect de cette r\u00e8gle constitue une faute \u00e9thique et religieuse et peut entra\u00eener la suspension de l\u2019acc\u00e8s.<\/p>\n\t\t<\/div>\n\t\t\t\t\t<\/div>\n\n\t\n<\/div>\n<div class=\"is-divider divider clearfix\" style=\"margin-top:10px;margin-bottom:10px;max-width:100%;height:1px;\"><\/div>\n<div class=\"row row-collapse align-middle\"  id=\"row-402010883\">\n\n\t<div id=\"col-1923482916\" class=\"col medium-1 small-2 large-1\"  >\n\t\t\t\t<div class=\"col-inner\"  >\n\t\t\t\n\t\t\t\n<h2>04<\/h2>\n\t\t<\/div>\n\t\t\t\t\t<\/div>\n\n\t\n\n\t<div id=\"col-610382056\" class=\"col medium-11 small-10 large-11\"  >\n\t\t\t\t<div class=\"col-inner\"  >\n\t\t\t\n\t\t\t\n<h2 data-pm-slice=\"1 1 &#091;&#093;\">Comportement en ligne<\/h2>\n<p class=\"\" data-start=\"1436\" data-end=\"1764\">\ud83d\udd38 L\u2019utilisateur adopte une attitude respectueuse, polie et bienveillante dans tous les \u00e9changes avec les enseignants ou le support.<\/p>\n<p class=\"\" data-start=\"1436\" data-end=\"1764\">\ud83d\udd38 Aucun propos d\u00e9plac\u00e9, moqueur, agressif ou non conforme \u00e0 l\u2019\u00e9thique islamique ne sera tol\u00e9r\u00e9.<\/p>\n<p class=\"\" data-start=\"1436\" data-end=\"1764\">\ud83d\udd38 L\u2019intention d\u2019apprendre pour se rapprocher d\u2019Allah (swt) est au c\u0153ur de l\u2019exp\u00e9rience Razva.<\/p>\n\t\t<\/div>\n\t\t\t\t\t<\/div>\n\n\t\n<\/div>\n<div class=\"is-divider divider clearfix\" style=\"margin-top:10px;margin-bottom:10px;max-width:100%;height:1px;\"><\/div>\n<div class=\"row row-collapse align-middle\"  id=\"row-1011338510\">\n\n\t<div id=\"col-923664096\" class=\"col medium-1 small-2 large-1\"  >\n\t\t\t\t<div class=\"col-inner\"  >\n\t\t\t\n\t\t\t\n<h2>05<\/h2>\n\t\t<\/div>\n\t\t\t\t\t<\/div>\n\n\t\n\n\t<div id=\"col-1922669647\" class=\"col medium-11 small-10 large-11\"  >\n\t\t\t\t<div class=\"col-inner\"  >\n\t\t\t\n\t\t\t\n<h2 data-pm-slice=\"1 1 &#091;&#093;\">Confidentialit\u00e9 et confiance<\/h2>\n<p class=\"\" data-start=\"1810\" data-end=\"2123\">\ud83d\udd38 Toutes les discussions, questions, examens et consultations sont strictement confidentiels.<\/p>\n<p class=\"\" data-start=\"1810\" data-end=\"2123\">\ud83d\udd38 Partager des informations, questions ou r\u00e9ponses d\u2019un autre \u00e9tudiant sans son accord est interdit.<\/p>\n<p class=\"\" data-start=\"1810\" data-end=\"2123\">\ud83d\udd38 Les consultations priv\u00e9es (religieuses ou familiales) ne peuvent \u00eatre enregistr\u00e9es, partag\u00e9es ni rediffus\u00e9es.<\/p>\n\t\t<\/div>\n\t\t\t\t\t<\/div>\n\n\t\n<\/div>\n<div class=\"is-divider divider clearfix\" style=\"margin-top:10px;margin-bottom:10px;max-width:100%;height:1px;\"><\/div>\n<div class=\"row row-collapse align-middle\"  id=\"row-1521279170\">\n\n\t<div id=\"col-1843779160\" class=\"col medium-1 small-2 large-1\"  >\n\t\t\t\t<div class=\"col-inner\"  >\n\t\t\t\n\t\t\t\n<h2>06<\/h2>\n\t\t<\/div>\n\t\t\t\t\t<\/div>\n\n\t\n\n\t<div id=\"col-1424858133\" class=\"col medium-11 small-10 large-11\"  >\n\t\t\t\t<div class=\"col-inner\"  >\n\t\t\t\n\t\t\t\n<h2 data-pm-slice=\"1 1 &#091;&#093;\">Engagement moral et sinc\u00e9rit\u00e9<\/h2>\n<p class=\"\" data-start=\"2170\" data-end=\"2463\">\ud83d\udd38 L\u2019utilisateur s\u2019engage \u00e0 suivre les cours avec s\u00e9rieux, honn\u00eatet\u00e9 et r\u00e9gularit\u00e9.<\/p>\n<p class=\"\" data-start=\"2170\" data-end=\"2463\">\ud83d\udd38 L\u2019usage frauduleux, comme r\u00e9pondre \u00e0 des examens sans avoir suivi les cours, va \u00e0 l\u2019encontre de la sinc\u00e9rit\u00e9 recherch\u00e9e dans la science.<\/p>\n<p class=\"\" data-start=\"2170\" data-end=\"2463\">\ud83d\udd38 Toute tricherie, simulation ou abus sera trait\u00e9e avec fermet\u00e9.<\/p>\n\t\t<\/div>\n\t\t\t\t\t<\/div>\n\n\t\n<\/div>\n<div class=\"is-divider divider clearfix\" style=\"margin-top:10px;margin-bottom:10px;max-width:100%;height:1px;\"><\/div>\n<div class=\"row row-collapse align-middle\"  id=\"row-1119310320\">\n\n\t<div id=\"col-971868826\" class=\"col medium-1 small-2 large-1\"  >\n\t\t\t\t<div class=\"col-inner\"  >\n\t\t\t\n\t\t\t\n<h2>07<\/h2>\n\t\t<\/div>\n\t\t\t\t\t<\/div>\n\n\t\n\n\t<div id=\"col-1980951529\" class=\"col medium-11 small-10 large-11\"  >\n\t\t\t\t<div class=\"col-inner\"  >\n\t\t\t\n\t\t\t\n<h2 data-pm-slice=\"1 1 &#091;&#093;\">Rappel spirituel<\/h2>\n<p class=\"\" data-start=\"2497\" data-end=\"2739\">\ud83d\udcff L\u2019apprentissage est une forme d\u2019adoration. Chaque instant pass\u00e9 \u00e0 \u00e9tudier est r\u00e9compens\u00e9, \u00e0 condition qu\u2019il soit sinc\u00e8re.<\/p>\n<p class=\"\" data-start=\"2497\" data-end=\"2739\">\u26a0\ufe0f Respecter les r\u00e8gles de cette charte, c\u2019est respecter la baraka de la science et l\u2019intention initiale du savoir.<\/p>\n\t\t<\/div>\n\t\t\t\t\t<\/div>\n\n\t\n<\/div>\n<div class=\"is-divider divider clearfix\" style=\"margin-top:10px;margin-bottom:10px;max-width:100%;height:1px;\"><\/div>\n<div class=\"row row-collapse align-middle\"  id=\"row-1761337772\">\n\n\t<div id=\"col-1116232870\" class=\"col medium-1 small-2 large-1\"  >\n\t\t\t\t<div class=\"col-inner\"  >\n\t\t\t\n\t\t\t\n<h2>08<\/h2>\n\t\t<\/div>\n\t\t\t\t\t<\/div>\n\n\t\n\n\t<div id=\"col-2057822517\" class=\"col medium-11 small-10 large-11\"  >\n\t\t\t\t<div class=\"col-inner\"  >\n\t\t\t\n\t\t\t\n<h2 data-pm-slice=\"1 1 &#091;&#093;\">En cas de manquement<\/h2>\n<p class=\"\" data-start=\"2777\" data-end=\"2944\">L\u2019Institut Razva se r\u00e9serve le droit de suspendre ou de d\u00e9sactiver temporairement ou d\u00e9finitivement l\u2019acc\u00e8s d\u2019un utilisateur en cas de manquement grave \u00e0 cette charte.<\/p>\n\t\t<\/div>\n\t\t\t\t\t<\/div>\n\n\t\n<\/div>\n<div class=\"is-divider divider clearfix\" style=\"margin-top:10px;margin-bottom:10px;max-width:100%;height:1px;\"><\/div>\n\t\t<\/div>\n\t\t\t\t\t<\/div>\n\n\t\n\n<style>\n#row-209916857 > .col > .col-inner {\n  padding: 0px 0px 0px 0px;\n}\n@media (min-width:550px) {\n  #row-209916857 > .col > .col-inner {\n    padding: 40px 0px 40px 0px;\n  }\n}\n<\/style>\n<\/div>\n","protected":false},"excerpt":{"rendered":"","protected":false},"author":1,"featured_media":6503,"parent":0,"menu_order":0,"comment_status":"closed","ping_status":"closed","template":"","meta":{"footnotes":""},"class_list":["post-6478","page","type-page","status-publish","has-post-thumbnail","hentry"],"yoast_head":"<!-- This site is optimized with the Yoast SEO plugin v27.3 - https:\/\/yoast.com\/product\/yoast-seo-wordpress\/ -->\n<title>Charte \u00c9thique et Religieuse \u2013 Institut Razva - Razva<\/title>\n<meta name=\"description\" content=\"D\u00e9couvrez les principes \u00e9thiques et religieux qui guident l\u2019Institut Razva : respect des contenus, comportement bienveillant, engagement moral et usage responsable de la plateforme \u00e9ducative.\" \/>\n<meta name=\"robots\" content=\"index, follow, max-snippet:-1, max-image-preview:large, max-video-preview:-1\" \/>\n<link rel=\"canonical\" href=\"https:\/\/razva.com\/edu\/charte-ethique-et-religieuse\/\" \/>\n<meta property=\"og:locale\" content=\"fr_FR\" \/>\n<meta property=\"og:type\" content=\"article\" \/>\n<meta property=\"og:title\" content=\"Charte \u00c9thique et Religieuse \u2013 Institut Razva - Razva\" \/>\n<meta property=\"og:description\" content=\"D\u00e9couvrez les principes \u00e9thiques et religieux qui guident l\u2019Institut Razva : respect des contenus, comportement bienveillant, engagement moral et usage responsable de la plateforme \u00e9ducative.\" \/>\n<meta property=\"og:url\" content=\"https:\/\/razva.com\/edu\/charte-ethique-et-religieuse\/\" \/>\n<meta property=\"og:site_name\" content=\"Razva\" \/>\n<meta property=\"article:modified_time\" content=\"2025-04-08T17:00:34+00:00\" \/>\n<meta property=\"og:image\" content=\"https:\/\/razva.com\/edu\/wp-content\/uploads\/2025\/04\/charte-ethique-religieuse-formation-islamique-razva.jpg\" \/>\n\t<meta property=\"og:image:width\" content=\"1920\" \/>\n\t<meta property=\"og:image:height\" content=\"1080\" \/>\n\t<meta property=\"og:image:type\" content=\"image\/jpeg\" \/>\n<meta name=\"twitter:card\" content=\"summary_large_image\" \/>\n<meta name=\"twitter:label1\" content=\"Dur\u00e9e de lecture estim\u00e9e\" \/>\n\t<meta name=\"twitter:data1\" content=\"4 minutes\" \/>\n<script type=\"application\/ld+json\" class=\"yoast-schema-graph\">{\"@context\":\"https:\\\/\\\/schema.org\",\"@graph\":[{\"@type\":\"WebPage\",\"@id\":\"https:\\\/\\\/razva.com\\\/edu\\\/charte-ethique-et-religieuse\\\/\",\"url\":\"https:\\\/\\\/razva.com\\\/edu\\\/charte-ethique-et-religieuse\\\/\",\"name\":\"Charte \u00c9thique et Religieuse \u2013 Institut Razva - Razva\",\"isPartOf\":{\"@id\":\"https:\\\/\\\/razva.com\\\/edu\\\/#website\"},\"primaryImageOfPage\":{\"@id\":\"https:\\\/\\\/razva.com\\\/edu\\\/charte-ethique-et-religieuse\\\/#primaryimage\"},\"image\":{\"@id\":\"https:\\\/\\\/razva.com\\\/edu\\\/charte-ethique-et-religieuse\\\/#primaryimage\"},\"thumbnailUrl\":\"https:\\\/\\\/razva.com\\\/edu\\\/wp-content\\\/uploads\\\/2025\\\/04\\\/charte-ethique-religieuse-formation-islamique-razva.jpg\",\"datePublished\":\"2025-04-08T14:45:07+00:00\",\"dateModified\":\"2025-04-08T17:00:34+00:00\",\"description\":\"D\u00e9couvrez les principes \u00e9thiques et religieux qui guident l\u2019Institut Razva : respect des contenus, comportement bienveillant, engagement moral et usage responsable de la plateforme \u00e9ducative.\",\"breadcrumb\":{\"@id\":\"https:\\\/\\\/razva.com\\\/edu\\\/charte-ethique-et-religieuse\\\/#breadcrumb\"},\"inLanguage\":\"fr-FR\",\"potentialAction\":[{\"@type\":\"ReadAction\",\"target\":[\"https:\\\/\\\/razva.com\\\/edu\\\/charte-ethique-et-religieuse\\\/\"]}]},{\"@type\":\"ImageObject\",\"inLanguage\":\"fr-FR\",\"@id\":\"https:\\\/\\\/razva.com\\\/edu\\\/charte-ethique-et-religieuse\\\/#primaryimage\",\"url\":\"https:\\\/\\\/razva.com\\\/edu\\\/wp-content\\\/uploads\\\/2025\\\/04\\\/charte-ethique-religieuse-formation-islamique-razva.jpg\",\"contentUrl\":\"https:\\\/\\\/razva.com\\\/edu\\\/wp-content\\\/uploads\\\/2025\\\/04\\\/charte-ethique-religieuse-formation-islamique-razva.jpg\",\"width\":1920,\"height\":1080,\"caption\":\"charte-ethique-religieuse-formation-islamique-razva\"},{\"@type\":\"BreadcrumbList\",\"@id\":\"https:\\\/\\\/razva.com\\\/edu\\\/charte-ethique-et-religieuse\\\/#breadcrumb\",\"itemListElement\":[{\"@type\":\"ListItem\",\"position\":1,\"name\":\"Institut islamique\",\"item\":\"https:\\\/\\\/razva.com\\\/edu\\\/\"},{\"@type\":\"ListItem\",\"position\":2,\"name\":\"Charte \u00c9thique et Religieuse \u2013 Institut Razva\"}]},{\"@type\":\"WebSite\",\"@id\":\"https:\\\/\\\/razva.com\\\/edu\\\/#website\",\"url\":\"https:\\\/\\\/razva.com\\\/edu\\\/\",\"name\":\"Razva\",\"description\":\"Institut Islamique en ligne\",\"potentialAction\":[{\"@type\":\"SearchAction\",\"target\":{\"@type\":\"EntryPoint\",\"urlTemplate\":\"https:\\\/\\\/razva.com\\\/edu\\\/?s={search_term_string}\"},\"query-input\":{\"@type\":\"PropertyValueSpecification\",\"valueRequired\":true,\"valueName\":\"search_term_string\"}}],\"inLanguage\":\"fr-FR\"}]}<\/script>\n<!-- \/ Yoast SEO plugin. -->","yoast_head_json":{"title":"Charte \u00c9thique et Religieuse \u2013 Institut Razva - Razva","description":"D\u00e9couvrez les principes \u00e9thiques et religieux qui guident l\u2019Institut Razva : respect des contenus, comportement bienveillant, engagement moral et usage responsable de la plateforme \u00e9ducative.","robots":{"index":"index","follow":"follow","max-snippet":"max-snippet:-1","max-image-preview":"max-image-preview:large","max-video-preview":"max-video-preview:-1"},"canonical":"https:\/\/razva.com\/edu\/charte-ethique-et-religieuse\/","og_locale":"fr_FR","og_type":"article","og_title":"Charte \u00c9thique et Religieuse \u2013 Institut Razva - Razva","og_description":"D\u00e9couvrez les principes \u00e9thiques et religieux qui guident l\u2019Institut Razva : respect des contenus, comportement bienveillant, engagement moral et usage responsable de la plateforme \u00e9ducative.","og_url":"https:\/\/razva.com\/edu\/charte-ethique-et-religieuse\/","og_site_name":"Razva","article_modified_time":"2025-04-08T17:00:34+00:00","og_image":[{"width":1920,"height":1080,"url":"https:\/\/razva.com\/edu\/wp-content\/uploads\/2025\/04\/charte-ethique-religieuse-formation-islamique-razva.jpg","type":"image\/jpeg"}],"twitter_card":"summary_large_image","twitter_misc":{"Dur\u00e9e de lecture estim\u00e9e":"4 minutes"},"schema":{"@context":"https:\/\/schema.org","@graph":[{"@type":"WebPage","@id":"https:\/\/razva.com\/edu\/charte-ethique-et-religieuse\/","url":"https:\/\/razva.com\/edu\/charte-ethique-et-religieuse\/","name":"Charte \u00c9thique et Religieuse \u2013 Institut Razva - Razva","isPartOf":{"@id":"https:\/\/razva.com\/edu\/#website"},"primaryImageOfPage":{"@id":"https:\/\/razva.com\/edu\/charte-ethique-et-religieuse\/#primaryimage"},"image":{"@id":"https:\/\/razva.com\/edu\/charte-ethique-et-religieuse\/#primaryimage"},"thumbnailUrl":"https:\/\/razva.com\/edu\/wp-content\/uploads\/2025\/04\/charte-ethique-religieuse-formation-islamique-razva.jpg","datePublished":"2025-04-08T14:45:07+00:00","dateModified":"2025-04-08T17:00:34+00:00","description":"D\u00e9couvrez les principes \u00e9thiques et religieux qui guident l\u2019Institut Razva : respect des contenus, comportement bienveillant, engagement moral et usage responsable de la plateforme \u00e9ducative.","breadcrumb":{"@id":"https:\/\/razva.com\/edu\/charte-ethique-et-religieuse\/#breadcrumb"},"inLanguage":"fr-FR","potentialAction":[{"@type":"ReadAction","target":["https:\/\/razva.com\/edu\/charte-ethique-et-religieuse\/"]}]},{"@type":"ImageObject","inLanguage":"fr-FR","@id":"https:\/\/razva.com\/edu\/charte-ethique-et-religieuse\/#primaryimage","url":"https:\/\/razva.com\/edu\/wp-content\/uploads\/2025\/04\/charte-ethique-religieuse-formation-islamique-razva.jpg","contentUrl":"https:\/\/razva.com\/edu\/wp-content\/uploads\/2025\/04\/charte-ethique-religieuse-formation-islamique-razva.jpg","width":1920,"height":1080,"caption":"charte-ethique-religieuse-formation-islamique-razva"},{"@type":"BreadcrumbList","@id":"https:\/\/razva.com\/edu\/charte-ethique-et-religieuse\/#breadcrumb","itemListElement":[{"@type":"ListItem","position":1,"name":"Institut islamique","item":"https:\/\/razva.com\/edu\/"},{"@type":"ListItem","position":2,"name":"Charte \u00c9thique et Religieuse \u2013 Institut Razva"}]},{"@type":"WebSite","@id":"https:\/\/razva.com\/edu\/#website","url":"https:\/\/razva.com\/edu\/","name":"Razva","description":"Institut Islamique en ligne","potentialAction":[{"@type":"SearchAction","target":{"@type":"EntryPoint","urlTemplate":"https:\/\/razva.com\/edu\/?s={search_term_string}"},"query-input":{"@type":"PropertyValueSpecification","valueRequired":true,"valueName":"search_term_string"}}],"inLanguage":"fr-FR"}]}},"_links":{"self":[{"href":"https:\/\/razva.com\/edu\/wp-json\/wp\/v2\/pages\/6478","targetHints":{"allow":["GET"]}}],"collection":[{"href":"https:\/\/razva.com\/edu\/wp-json\/wp\/v2\/pages"}],"about":[{"href":"https:\/\/razva.com\/edu\/wp-json\/wp\/v2\/types\/page"}],"author":[{"embeddable":true,"href":"https:\/\/razva.com\/edu\/wp-json\/wp\/v2\/users\/1"}],"replies":[{"embeddable":true,"href":"https:\/\/razva.com\/edu\/wp-json\/wp\/v2\/comments?post=6478"}],"version-history":[{"count":4,"href":"https:\/\/razva.com\/edu\/wp-json\/wp\/v2\/pages\/6478\/revisions"}],"predecessor-version":[{"id":6482,"href":"https:\/\/razva.com\/edu\/wp-json\/wp\/v2\/pages\/6478\/revisions\/6482"}],"wp:featuredmedia":[{"embeddable":true,"href":"https:\/\/razva.com\/edu\/wp-json\/wp\/v2\/media\/6503"}],"wp:attachment":[{"href":"https:\/\/razva.com\/edu\/wp-json\/wp\/v2\/media?parent=6478"}],"curies":[{"name":"wp","href":"https:\/\/api.w.org\/{rel}","templated":true}]}}