{"id":2066,"date":"2023-09-15T15:27:54","date_gmt":"2023-09-15T13:27:54","guid":{"rendered":"https:\/\/razva.com\/edu\/produit\/cours-darabe-en-ligne-intermediaire-module-7\/"},"modified":"2026-02-19T23:54:23","modified_gmt":"2026-02-19T23:54:23","slug":"cours-darabe-en-ligne-intermediaire-module-7","status":"publish","type":"product","link":"https:\/\/razva.com\/edu\/produit\/cours-darabe-en-ligne-intermediaire-module-7\/","title":{"rendered":"Arabe | Interm\u00e9diaire | Module 7"},"content":{"rendered":"","protected":false},"excerpt":{"rendered":"","protected":false},"featured_media":9971,"template":"","meta":[],"product_brand":[],"product_cat":[18],"product_tag":[],"class_list":{"0":"post-2066","1":"product","2":"type-product","3":"status-publish","4":"has-post-thumbnail","6":"product_cat-non-classe","8":"first","9":"instock","10":"virtual","11":"sold-individually","12":"purchasable","13":"product-type-simple"},"yoast_head":"<!-- This site is optimized with the Yoast SEO plugin v27.4 - https:\/\/yoast.com\/product\/yoast-seo-wordpress\/ -->\n<title>Arabe | Interm\u00e9diaire | Module 7 - Razva<\/title>\n<meta name=\"robots\" content=\"noindex, follow\" \/>\n<meta property=\"og:locale\" content=\"fr_FR\" \/>\n<meta property=\"og:type\" content=\"article\" \/>\n<meta property=\"og:title\" content=\"Arabe | Interm\u00e9diaire | Module 7 - Razva\" \/>\n<meta property=\"og:url\" content=\"https:\/\/razva.com\/edu\/produit\/cours-darabe-en-ligne-intermediaire-module-7\/\" \/>\n<meta property=\"og:site_name\" content=\"Razva\" \/>\n<meta property=\"article:modified_time\" content=\"2026-02-19T23:54:23+00:00\" \/>\n<meta property=\"og:image\" content=\"https:\/\/razva.com\/edu\/wp-content\/uploads\/2023\/09\/cours-darabe-module-7.jpg\" \/>\n\t<meta property=\"og:image:width\" content=\"1225\" \/>\n\t<meta property=\"og:image:height\" content=\"752\" \/>\n\t<meta property=\"og:image:type\" content=\"image\/jpeg\" \/>\n<meta name=\"twitter:card\" content=\"summary_large_image\" \/>\n<meta name=\"twitter:label1\" content=\"Prix\" \/>\n\t<meta name=\"twitter:data1\" content=\"45.00&euro;\" \/>\n\t<meta name=\"twitter:label2\" content=\"Disponibilit\u00e9\" \/>\n\t<meta name=\"twitter:data2\" content=\"En stock\" \/>\n<script type=\"application\/ld+json\" class=\"yoast-schema-graph\">{\"@context\":\"https:\\\/\\\/schema.org\",\"@graph\":[{\"@type\":\"WebPage\",\"@id\":\"https:\\\/\\\/razva.com\\\/edu\\\/produit\\\/cours-darabe-en-ligne-intermediaire-module-7\\\/\",\"url\":\"https:\\\/\\\/razva.com\\\/edu\\\/produit\\\/cours-darabe-en-ligne-intermediaire-module-7\\\/\",\"name\":\"Arabe | Interm\u00e9diaire | Module 7 - Razva\",\"isPartOf\":{\"@id\":\"https:\\\/\\\/razva.com\\\/edu\\\/#website\"},\"primaryImageOfPage\":{\"@id\":\"https:\\\/\\\/razva.com\\\/edu\\\/produit\\\/cours-darabe-en-ligne-intermediaire-module-7\\\/#primaryimage\"},\"image\":{\"@id\":\"https:\\\/\\\/razva.com\\\/edu\\\/produit\\\/cours-darabe-en-ligne-intermediaire-module-7\\\/#primaryimage\"},\"thumbnailUrl\":\"https:\\\/\\\/razva.com\\\/edu\\\/wp-content\\\/uploads\\\/2026\\\/02\\\/cours-arabe-loisirs-avance.jpg\",\"datePublished\":\"2023-09-15T13:27:54+00:00\",\"dateModified\":\"2026-02-19T23:54:23+00:00\",\"breadcrumb\":{\"@id\":\"https:\\\/\\\/razva.com\\\/edu\\\/produit\\\/cours-darabe-en-ligne-intermediaire-module-7\\\/#breadcrumb\"},\"inLanguage\":\"fr-FR\",\"potentialAction\":[{\"@type\":\"ReadAction\",\"target\":[\"https:\\\/\\\/razva.com\\\/edu\\\/produit\\\/cours-darabe-en-ligne-intermediaire-module-7\\\/\"]}]},{\"@type\":\"ImageObject\",\"inLanguage\":\"fr-FR\",\"@id\":\"https:\\\/\\\/razva.com\\\/edu\\\/produit\\\/cours-darabe-en-ligne-intermediaire-module-7\\\/#primaryimage\",\"url\":\"https:\\\/\\\/razva.com\\\/edu\\\/wp-content\\\/uploads\\\/2026\\\/02\\\/cours-arabe-loisirs-avance.jpg\",\"contentUrl\":\"https:\\\/\\\/razva.com\\\/edu\\\/wp-content\\\/uploads\\\/2026\\\/02\\\/cours-arabe-loisirs-avance.jpg\",\"width\":1920,\"height\":1080,\"caption\":\"Cours d\u2019arabe interm\u00e9diaire sur les loisirs, le voyage et la compr\u00e9hension orale avanc\u00e9e\"},{\"@type\":\"BreadcrumbList\",\"@id\":\"https:\\\/\\\/razva.com\\\/edu\\\/produit\\\/cours-darabe-en-ligne-intermediaire-module-7\\\/#breadcrumb\",\"itemListElement\":[{\"@type\":\"ListItem\",\"position\":1,\"name\":\"Institut islamique\",\"item\":\"https:\\\/\\\/razva.com\\\/edu\\\/\"},{\"@type\":\"ListItem\",\"position\":2,\"name\":\"Boutique\",\"item\":\"https:\\\/\\\/razva.com\\\/edu\\\/boutique\\\/\"},{\"@type\":\"ListItem\",\"position\":3,\"name\":\"Arabe | Interm\u00e9diaire | Module 7\"}]},{\"@type\":\"WebSite\",\"@id\":\"https:\\\/\\\/razva.com\\\/edu\\\/#website\",\"url\":\"https:\\\/\\\/razva.com\\\/edu\\\/\",\"name\":\"Razva\",\"description\":\"Institut Islamique en ligne\",\"potentialAction\":[{\"@type\":\"SearchAction\",\"target\":{\"@type\":\"EntryPoint\",\"urlTemplate\":\"https:\\\/\\\/razva.com\\\/edu\\\/?s={search_term_string}\"},\"query-input\":{\"@type\":\"PropertyValueSpecification\",\"valueRequired\":true,\"valueName\":\"search_term_string\"}}],\"inLanguage\":\"fr-FR\"}]}<\/script>\n<meta property=\"product:price:amount\" content=\"45.00\" \/>\n<meta property=\"product:price:currency\" content=\"EUR\" \/>\n<meta property=\"og:availability\" content=\"instock\" \/>\n<meta property=\"product:availability\" content=\"instock\" \/>\n<meta property=\"product:condition\" content=\"new\" \/>\n<!-- \/ Yoast SEO plugin. -->","yoast_head_json":{"title":"Arabe | Interm\u00e9diaire | Module 7 - Razva","robots":{"index":"noindex","follow":"follow"},"og_locale":"fr_FR","og_type":"article","og_title":"Arabe | Interm\u00e9diaire | Module 7 - Razva","og_url":"https:\/\/razva.com\/edu\/produit\/cours-darabe-en-ligne-intermediaire-module-7\/","og_site_name":"Razva","article_modified_time":"2026-02-19T23:54:23+00:00","og_image":[{"width":1225,"height":752,"url":"https:\/\/razva.com\/edu\/wp-content\/uploads\/2023\/09\/cours-darabe-module-7.jpg","type":"image\/jpeg"}],"twitter_card":"summary_large_image","twitter_misc":{"Prix":"45.00&euro;","Disponibilit\u00e9":"En stock"},"schema":{"@context":"https:\/\/schema.org","@graph":[{"@type":"WebPage","@id":"https:\/\/razva.com\/edu\/produit\/cours-darabe-en-ligne-intermediaire-module-7\/","url":"https:\/\/razva.com\/edu\/produit\/cours-darabe-en-ligne-intermediaire-module-7\/","name":"Arabe | Interm\u00e9diaire | Module 7 - Razva","isPartOf":{"@id":"https:\/\/razva.com\/edu\/#website"},"primaryImageOfPage":{"@id":"https:\/\/razva.com\/edu\/produit\/cours-darabe-en-ligne-intermediaire-module-7\/#primaryimage"},"image":{"@id":"https:\/\/razva.com\/edu\/produit\/cours-darabe-en-ligne-intermediaire-module-7\/#primaryimage"},"thumbnailUrl":"https:\/\/razva.com\/edu\/wp-content\/uploads\/2026\/02\/cours-arabe-loisirs-avance.jpg","datePublished":"2023-09-15T13:27:54+00:00","dateModified":"2026-02-19T23:54:23+00:00","breadcrumb":{"@id":"https:\/\/razva.com\/edu\/produit\/cours-darabe-en-ligne-intermediaire-module-7\/#breadcrumb"},"inLanguage":"fr-FR","potentialAction":[{"@type":"ReadAction","target":["https:\/\/razva.com\/edu\/produit\/cours-darabe-en-ligne-intermediaire-module-7\/"]}]},{"@type":"ImageObject","inLanguage":"fr-FR","@id":"https:\/\/razva.com\/edu\/produit\/cours-darabe-en-ligne-intermediaire-module-7\/#primaryimage","url":"https:\/\/razva.com\/edu\/wp-content\/uploads\/2026\/02\/cours-arabe-loisirs-avance.jpg","contentUrl":"https:\/\/razva.com\/edu\/wp-content\/uploads\/2026\/02\/cours-arabe-loisirs-avance.jpg","width":1920,"height":1080,"caption":"Cours d\u2019arabe interm\u00e9diaire sur les loisirs, le voyage et la compr\u00e9hension orale avanc\u00e9e"},{"@type":"BreadcrumbList","@id":"https:\/\/razva.com\/edu\/produit\/cours-darabe-en-ligne-intermediaire-module-7\/#breadcrumb","itemListElement":[{"@type":"ListItem","position":1,"name":"Institut islamique","item":"https:\/\/razva.com\/edu\/"},{"@type":"ListItem","position":2,"name":"Boutique","item":"https:\/\/razva.com\/edu\/boutique\/"},{"@type":"ListItem","position":3,"name":"Arabe | Interm\u00e9diaire | Module 7"}]},{"@type":"WebSite","@id":"https:\/\/razva.com\/edu\/#website","url":"https:\/\/razva.com\/edu\/","name":"Razva","description":"Institut Islamique en ligne","potentialAction":[{"@type":"SearchAction","target":{"@type":"EntryPoint","urlTemplate":"https:\/\/razva.com\/edu\/?s={search_term_string}"},"query-input":{"@type":"PropertyValueSpecification","valueRequired":true,"valueName":"search_term_string"}}],"inLanguage":"fr-FR"}]},"product_price_amount":"45.00","product_price_currency":"EUR","og_availability":"instock","product_availability":"instock","product_condition":"new"},"_links":{"self":[{"href":"https:\/\/razva.com\/edu\/wp-json\/wp\/v2\/product\/2066","targetHints":{"allow":["GET"]}}],"collection":[{"href":"https:\/\/razva.com\/edu\/wp-json\/wp\/v2\/product"}],"about":[{"href":"https:\/\/razva.com\/edu\/wp-json\/wp\/v2\/types\/product"}],"wp:featuredmedia":[{"embeddable":true,"href":"https:\/\/razva.com\/edu\/wp-json\/wp\/v2\/media\/9971"}],"wp:attachment":[{"href":"https:\/\/razva.com\/edu\/wp-json\/wp\/v2\/media?parent=2066"}],"wp:term":[{"taxonomy":"product_brand","embeddable":true,"href":"https:\/\/razva.com\/edu\/wp-json\/wp\/v2\/product_brand?post=2066"},{"taxonomy":"product_cat","embeddable":true,"href":"https:\/\/razva.com\/edu\/wp-json\/wp\/v2\/product_cat?post=2066"},{"taxonomy":"product_tag","embeddable":true,"href":"https:\/\/razva.com\/edu\/wp-json\/wp\/v2\/product_tag?post=2066"}],"curies":[{"name":"wp","href":"https:\/\/api.w.org\/{rel}","templated":true}]}}