{"id":4994,"date":"2024-10-14T22:41:47","date_gmt":"2024-10-14T19:11:47","guid":{"rendered":"https:\/\/razva.com\/edu\/?post_type=product&#038;p=4994"},"modified":"2024-11-18T18:34:12","modified_gmt":"2024-11-18T18:34:12","slug":"cours-arabe-particulier-niveau-avance","status":"publish","type":"product","link":"https:\/\/razva.com\/edu\/produit\/cours-arabe-particulier-niveau-avance\/","title":{"rendered":"Cours Arabe Particulier Niveau Avanc\u00e9"},"content":{"rendered":"<p style=\"text-align: justify;\">Commencez votre apprentissage de l&rsquo;arabe au niveau avanc\u00e9 avec nos cours particuliers. Avant de vous engager dans ces sessions priv\u00e9es, nous vous recommandons de d\u00e9couvrir nos classes \u00e0 <a href=\"https:\/\/razva.com\/edu\/\"><strong>l\u2019Institut islamique en ligne Razva<\/strong><\/a>, qui vous m\u00e8neront jusqu\u2019au niveau B1 en arabe, soit environ 80 heures de formation. Une fois ce niveau atteint, vous serez pr\u00eat \u00e0 suivre les cours particuliers avanc\u00e9s en arabe, o\u00f9 vous travaillerez sur les quatre comp\u00e9tences linguistiques essentielles : parler, \u00e9couter, lire, et \u00e9crire.<\/p>\n<p style=\"text-align: justify;\">Chaque session dure une heure et est adapt\u00e9e \u00e0 votre rythme et \u00e0 vos besoins. Vous avez la possibilit\u00e9 de commencer avec une session d\u2019essai pour \u00e9valuer votre niveau. Si vous souhaitez poursuivre, un pack de 12 s\u00e9ances est disponible. Le nombre de packs n\u00e9cessaires pour ma\u00eetriser le niveau avanc\u00e9 d\u00e9pendra de votre progression. Pour en savoir plus, consultez notre page des <a href=\"https:\/\/razva.com\/edu\/apprendre-arabe-en-ligne\/\"><strong>cours d&rsquo;arabe en ligne<\/strong><\/a>.<\/p>\n","protected":false},"excerpt":{"rendered":"<ul>\n<li><span style=\"font-size: 90%;\">Niveau : B2<\/span><\/li>\n<li><span style=\"font-size: 90%;\">Type de cours : Priv\u00e9<\/span><\/li>\n<li><span style=\"font-size: 90%;\">En ligne sur : Zoom<\/span><\/li>\n<li><span style=\"font-size: 90%;\">Possibilit\u00e9 de paiement pour une session d&rsquo;essai<\/span><\/li>\n<li><span style=\"font-size: 90%;\">Chaque trimestre : 12 sessions d&rsquo;une heure<\/span><\/li>\n<\/ul>\n","protected":false},"featured_media":4997,"comment_status":"open","ping_status":"closed","template":"","meta":[],"product_brand":[],"product_cat":[43],"product_tag":[],"class_list":{"0":"post-4994","1":"product","2":"type-product","3":"status-publish","4":"has-post-thumbnail","6":"product_cat-cours-prives","8":"first","9":"instock","10":"shipping-taxable","11":"product-type-variable"},"yoast_head":"<!-- This site is optimized with the Yoast SEO plugin v27.3 - https:\/\/yoast.com\/product\/yoast-seo-wordpress\/ -->\n<title>Cours Arabe Particulier Niveau Avanc\u00e9 - Razva<\/title>\n<meta name=\"description\" content=\"Cours particuliers d&#039;arabe avanc\u00e9 avec des professeurs exp\u00e9riment\u00e9s. Travaillez les quatre comp\u00e9tences linguistiques en sessions d&#039;une heure. Session d&#039;essai disponible.\" \/>\n<meta name=\"robots\" content=\"noindex, follow\" \/>\n<meta property=\"og:locale\" content=\"fr_FR\" \/>\n<meta property=\"og:type\" content=\"article\" \/>\n<meta property=\"og:title\" content=\"Cours Arabe Particulier Niveau Avanc\u00e9 - Razva\" \/>\n<meta property=\"og:description\" content=\"Cours particuliers d&#039;arabe avanc\u00e9 avec des professeurs exp\u00e9riment\u00e9s. Travaillez les quatre comp\u00e9tences linguistiques en sessions d&#039;une heure. Session d&#039;essai disponible.\" \/>\n<meta property=\"og:url\" content=\"https:\/\/razva.com\/edu\/produit\/cours-arabe-particulier-niveau-avance\/\" \/>\n<meta property=\"og:site_name\" content=\"Razva\" \/>\n<meta property=\"article:modified_time\" content=\"2024-11-18T18:34:12+00:00\" \/>\n<meta property=\"og:image\" content=\"https:\/\/razva.com\/edu\/wp-content\/uploads\/2024\/10\/cours-arabe-particulier-niveau-avance.jpg\" \/>\n\t<meta property=\"og:image:width\" content=\"1200\" \/>\n\t<meta property=\"og:image:height\" content=\"1200\" \/>\n\t<meta property=\"og:image:type\" content=\"image\/jpeg\" \/>\n<meta name=\"twitter:card\" content=\"summary_large_image\" \/>\n<meta name=\"twitter:label1\" content=\"Disponibilit\u00e9\" \/>\n\t<meta name=\"twitter:data1\" content=\"En stock\" \/>\n<script type=\"application\/ld+json\" class=\"yoast-schema-graph\">{\"@context\":\"https:\\\/\\\/schema.org\",\"@graph\":[{\"@type\":\"WebPage\",\"@id\":\"https:\\\/\\\/razva.com\\\/edu\\\/produit\\\/cours-arabe-particulier-niveau-avance\\\/\",\"url\":\"https:\\\/\\\/razva.com\\\/edu\\\/produit\\\/cours-arabe-particulier-niveau-avance\\\/\",\"name\":\"Cours Arabe Particulier Niveau Avanc\u00e9 - Razva\",\"isPartOf\":{\"@id\":\"https:\\\/\\\/razva.com\\\/edu\\\/#website\"},\"primaryImageOfPage\":{\"@id\":\"https:\\\/\\\/razva.com\\\/edu\\\/produit\\\/cours-arabe-particulier-niveau-avance\\\/#primaryimage\"},\"image\":{\"@id\":\"https:\\\/\\\/razva.com\\\/edu\\\/produit\\\/cours-arabe-particulier-niveau-avance\\\/#primaryimage\"},\"thumbnailUrl\":\"https:\\\/\\\/razva.com\\\/edu\\\/wp-content\\\/uploads\\\/2024\\\/10\\\/cours-arabe-particulier-niveau-avance.jpg\",\"datePublished\":\"2024-10-14T19:11:47+00:00\",\"dateModified\":\"2024-11-18T18:34:12+00:00\",\"description\":\"Cours particuliers d'arabe avanc\u00e9 avec des professeurs exp\u00e9riment\u00e9s. Travaillez les quatre comp\u00e9tences linguistiques en sessions d'une heure. Session d'essai disponible.\",\"breadcrumb\":{\"@id\":\"https:\\\/\\\/razva.com\\\/edu\\\/produit\\\/cours-arabe-particulier-niveau-avance\\\/#breadcrumb\"},\"inLanguage\":\"fr-FR\",\"potentialAction\":[{\"@type\":\"ReadAction\",\"target\":[\"https:\\\/\\\/razva.com\\\/edu\\\/produit\\\/cours-arabe-particulier-niveau-avance\\\/\"]}]},{\"@type\":\"ImageObject\",\"inLanguage\":\"fr-FR\",\"@id\":\"https:\\\/\\\/razva.com\\\/edu\\\/produit\\\/cours-arabe-particulier-niveau-avance\\\/#primaryimage\",\"url\":\"https:\\\/\\\/razva.com\\\/edu\\\/wp-content\\\/uploads\\\/2024\\\/10\\\/cours-arabe-particulier-niveau-avance.jpg\",\"contentUrl\":\"https:\\\/\\\/razva.com\\\/edu\\\/wp-content\\\/uploads\\\/2024\\\/10\\\/cours-arabe-particulier-niveau-avance.jpg\",\"width\":1200,\"height\":1200,\"caption\":\"cours-arabe-particulier-niveau-avanc\u00e9\"},{\"@type\":\"BreadcrumbList\",\"@id\":\"https:\\\/\\\/razva.com\\\/edu\\\/produit\\\/cours-arabe-particulier-niveau-avance\\\/#breadcrumb\",\"itemListElement\":[{\"@type\":\"ListItem\",\"position\":1,\"name\":\"Institut islamique\",\"item\":\"https:\\\/\\\/razva.com\\\/edu\\\/\"},{\"@type\":\"ListItem\",\"position\":2,\"name\":\"Boutique\",\"item\":\"https:\\\/\\\/razva.com\\\/edu\\\/boutique\\\/\"},{\"@type\":\"ListItem\",\"position\":3,\"name\":\"Cours Arabe Particulier Niveau Avanc\u00e9\"}]},{\"@type\":\"WebSite\",\"@id\":\"https:\\\/\\\/razva.com\\\/edu\\\/#website\",\"url\":\"https:\\\/\\\/razva.com\\\/edu\\\/\",\"name\":\"Razva\",\"description\":\"Institut Islamique en ligne\",\"potentialAction\":[{\"@type\":\"SearchAction\",\"target\":{\"@type\":\"EntryPoint\",\"urlTemplate\":\"https:\\\/\\\/razva.com\\\/edu\\\/?s={search_term_string}\"},\"query-input\":{\"@type\":\"PropertyValueSpecification\",\"valueRequired\":true,\"valueName\":\"search_term_string\"}}],\"inLanguage\":\"fr-FR\"}]}<\/script>\n<meta property=\"og:availability\" content=\"instock\" \/>\n<meta property=\"product:availability\" content=\"instock\" \/>\n<meta property=\"product:retailer_item_id\" content=\"A04\" \/>\n<meta property=\"product:condition\" content=\"new\" \/>\n<!-- \/ Yoast SEO plugin. -->","yoast_head_json":{"title":"Cours Arabe Particulier Niveau Avanc\u00e9 - Razva","description":"Cours particuliers d'arabe avanc\u00e9 avec des professeurs exp\u00e9riment\u00e9s. Travaillez les quatre comp\u00e9tences linguistiques en sessions d'une heure. Session d'essai disponible.","robots":{"index":"noindex","follow":"follow"},"og_locale":"fr_FR","og_type":"article","og_title":"Cours Arabe Particulier Niveau Avanc\u00e9 - Razva","og_description":"Cours particuliers d'arabe avanc\u00e9 avec des professeurs exp\u00e9riment\u00e9s. Travaillez les quatre comp\u00e9tences linguistiques en sessions d'une heure. Session d'essai disponible.","og_url":"https:\/\/razva.com\/edu\/produit\/cours-arabe-particulier-niveau-avance\/","og_site_name":"Razva","article_modified_time":"2024-11-18T18:34:12+00:00","og_image":[{"width":1200,"height":1200,"url":"https:\/\/razva.com\/edu\/wp-content\/uploads\/2024\/10\/cours-arabe-particulier-niveau-avance.jpg","type":"image\/jpeg"}],"twitter_card":"summary_large_image","twitter_misc":{"Disponibilit\u00e9":"En stock"},"schema":{"@context":"https:\/\/schema.org","@graph":[{"@type":"WebPage","@id":"https:\/\/razva.com\/edu\/produit\/cours-arabe-particulier-niveau-avance\/","url":"https:\/\/razva.com\/edu\/produit\/cours-arabe-particulier-niveau-avance\/","name":"Cours Arabe Particulier Niveau Avanc\u00e9 - Razva","isPartOf":{"@id":"https:\/\/razva.com\/edu\/#website"},"primaryImageOfPage":{"@id":"https:\/\/razva.com\/edu\/produit\/cours-arabe-particulier-niveau-avance\/#primaryimage"},"image":{"@id":"https:\/\/razva.com\/edu\/produit\/cours-arabe-particulier-niveau-avance\/#primaryimage"},"thumbnailUrl":"https:\/\/razva.com\/edu\/wp-content\/uploads\/2024\/10\/cours-arabe-particulier-niveau-avance.jpg","datePublished":"2024-10-14T19:11:47+00:00","dateModified":"2024-11-18T18:34:12+00:00","description":"Cours particuliers d'arabe avanc\u00e9 avec des professeurs exp\u00e9riment\u00e9s. Travaillez les quatre comp\u00e9tences linguistiques en sessions d'une heure. Session d'essai disponible.","breadcrumb":{"@id":"https:\/\/razva.com\/edu\/produit\/cours-arabe-particulier-niveau-avance\/#breadcrumb"},"inLanguage":"fr-FR","potentialAction":[{"@type":"ReadAction","target":["https:\/\/razva.com\/edu\/produit\/cours-arabe-particulier-niveau-avance\/"]}]},{"@type":"ImageObject","inLanguage":"fr-FR","@id":"https:\/\/razva.com\/edu\/produit\/cours-arabe-particulier-niveau-avance\/#primaryimage","url":"https:\/\/razva.com\/edu\/wp-content\/uploads\/2024\/10\/cours-arabe-particulier-niveau-avance.jpg","contentUrl":"https:\/\/razva.com\/edu\/wp-content\/uploads\/2024\/10\/cours-arabe-particulier-niveau-avance.jpg","width":1200,"height":1200,"caption":"cours-arabe-particulier-niveau-avanc\u00e9"},{"@type":"BreadcrumbList","@id":"https:\/\/razva.com\/edu\/produit\/cours-arabe-particulier-niveau-avance\/#breadcrumb","itemListElement":[{"@type":"ListItem","position":1,"name":"Institut islamique","item":"https:\/\/razva.com\/edu\/"},{"@type":"ListItem","position":2,"name":"Boutique","item":"https:\/\/razva.com\/edu\/boutique\/"},{"@type":"ListItem","position":3,"name":"Cours Arabe Particulier Niveau Avanc\u00e9"}]},{"@type":"WebSite","@id":"https:\/\/razva.com\/edu\/#website","url":"https:\/\/razva.com\/edu\/","name":"Razva","description":"Institut Islamique en ligne","potentialAction":[{"@type":"SearchAction","target":{"@type":"EntryPoint","urlTemplate":"https:\/\/razva.com\/edu\/?s={search_term_string}"},"query-input":{"@type":"PropertyValueSpecification","valueRequired":true,"valueName":"search_term_string"}}],"inLanguage":"fr-FR"}]},"og_availability":"instock","product_availability":"instock","product_retailer_item_id":"A04","product_condition":"new"},"_links":{"self":[{"href":"https:\/\/razva.com\/edu\/wp-json\/wp\/v2\/product\/4994","targetHints":{"allow":["GET"]}}],"collection":[{"href":"https:\/\/razva.com\/edu\/wp-json\/wp\/v2\/product"}],"about":[{"href":"https:\/\/razva.com\/edu\/wp-json\/wp\/v2\/types\/product"}],"replies":[{"embeddable":true,"href":"https:\/\/razva.com\/edu\/wp-json\/wp\/v2\/comments?post=4994"}],"wp:featuredmedia":[{"embeddable":true,"href":"https:\/\/razva.com\/edu\/wp-json\/wp\/v2\/media\/4997"}],"wp:attachment":[{"href":"https:\/\/razva.com\/edu\/wp-json\/wp\/v2\/media?parent=4994"}],"wp:term":[{"taxonomy":"product_brand","embeddable":true,"href":"https:\/\/razva.com\/edu\/wp-json\/wp\/v2\/product_brand?post=4994"},{"taxonomy":"product_cat","embeddable":true,"href":"https:\/\/razva.com\/edu\/wp-json\/wp\/v2\/product_cat?post=4994"},{"taxonomy":"product_tag","embeddable":true,"href":"https:\/\/razva.com\/edu\/wp-json\/wp\/v2\/product_tag?post=4994"}],"curies":[{"name":"wp","href":"https:\/\/api.w.org\/{rel}","templated":true}]}}