{"id":899,"date":"2023-01-17T22:13:57","date_gmt":"2023-01-17T21:13:57","guid":{"rendered":"https:\/\/razva.com\/edu\/produit\/cours-darabe-en-ligne-debutant-module-3\/"},"modified":"2026-02-19T23:51:19","modified_gmt":"2026-02-19T23:51:19","slug":"cours-darabe-en-ligne-debutant-module-3","status":"publish","type":"product","link":"https:\/\/razva.com\/edu\/produit\/cours-darabe-en-ligne-debutant-module-3\/","title":{"rendered":"Arabe | D\u00e9butant | Module 3"},"content":{"rendered":"","protected":false},"excerpt":{"rendered":"","protected":false},"featured_media":9967,"template":"","meta":[],"product_brand":[],"product_cat":[18],"product_tag":[],"class_list":{"0":"post-899","1":"product","2":"type-product","3":"status-publish","4":"has-post-thumbnail","6":"product_cat-non-classe","8":"first","9":"instock","10":"virtual","11":"sold-individually","12":"purchasable","13":"product-type-simple"},"yoast_head":"<!-- This site is optimized with the Yoast SEO plugin v27.4 - https:\/\/yoast.com\/product\/yoast-seo-wordpress\/ -->\n<title>Arabe | D\u00e9butant | Module 3 - Razva<\/title>\n<meta name=\"robots\" content=\"noindex, follow\" \/>\n<meta property=\"og:locale\" content=\"fr_FR\" \/>\n<meta property=\"og:type\" content=\"article\" \/>\n<meta property=\"og:title\" content=\"Arabe | D\u00e9butant | Module 3 - Razva\" \/>\n<meta property=\"og:url\" content=\"https:\/\/razva.com\/edu\/produit\/cours-darabe-en-ligne-debutant-module-3\/\" \/>\n<meta property=\"og:site_name\" content=\"Razva\" \/>\n<meta property=\"article:modified_time\" content=\"2026-02-19T23:51:19+00:00\" \/>\n<meta property=\"og:image\" content=\"https:\/\/razva.com\/edu\/wp-content\/uploads\/2023\/01\/Cours-dArabe-en-ligne-Debutant-Module-3.webp\" \/>\n\t<meta property=\"og:image:width\" content=\"700\" \/>\n\t<meta property=\"og:image:height\" content=\"430\" \/>\n\t<meta property=\"og:image:type\" content=\"image\/webp\" \/>\n<meta name=\"twitter:card\" content=\"summary_large_image\" \/>\n<meta name=\"twitter:label1\" content=\"Prix\" \/>\n\t<meta name=\"twitter:data1\" content=\"24.00&euro;\" \/>\n\t<meta name=\"twitter:label2\" content=\"Disponibilit\u00e9\" \/>\n\t<meta name=\"twitter:data2\" content=\"En stock\" \/>\n<script type=\"application\/ld+json\" class=\"yoast-schema-graph\">{\"@context\":\"https:\\\/\\\/schema.org\",\"@graph\":[{\"@type\":\"WebPage\",\"@id\":\"https:\\\/\\\/razva.com\\\/edu\\\/produit\\\/cours-darabe-en-ligne-debutant-module-3\\\/\",\"url\":\"https:\\\/\\\/razva.com\\\/edu\\\/produit\\\/cours-darabe-en-ligne-debutant-module-3\\\/\",\"name\":\"Arabe | D\u00e9butant | Module 3 - Razva\",\"isPartOf\":{\"@id\":\"https:\\\/\\\/razva.com\\\/edu\\\/#website\"},\"primaryImageOfPage\":{\"@id\":\"https:\\\/\\\/razva.com\\\/edu\\\/produit\\\/cours-darabe-en-ligne-debutant-module-3\\\/#primaryimage\"},\"image\":{\"@id\":\"https:\\\/\\\/razva.com\\\/edu\\\/produit\\\/cours-darabe-en-ligne-debutant-module-3\\\/#primaryimage\"},\"thumbnailUrl\":\"https:\\\/\\\/razva.com\\\/edu\\\/wp-content\\\/uploads\\\/2026\\\/02\\\/cours-arabe-lecture-fluide.jpg\",\"datePublished\":\"2023-01-17T21:13:57+00:00\",\"dateModified\":\"2026-02-19T23:51:19+00:00\",\"breadcrumb\":{\"@id\":\"https:\\\/\\\/razva.com\\\/edu\\\/produit\\\/cours-darabe-en-ligne-debutant-module-3\\\/#breadcrumb\"},\"inLanguage\":\"fr-FR\",\"potentialAction\":[{\"@type\":\"ReadAction\",\"target\":[\"https:\\\/\\\/razva.com\\\/edu\\\/produit\\\/cours-darabe-en-ligne-debutant-module-3\\\/\"]}]},{\"@type\":\"ImageObject\",\"inLanguage\":\"fr-FR\",\"@id\":\"https:\\\/\\\/razva.com\\\/edu\\\/produit\\\/cours-darabe-en-ligne-debutant-module-3\\\/#primaryimage\",\"url\":\"https:\\\/\\\/razva.com\\\/edu\\\/wp-content\\\/uploads\\\/2026\\\/02\\\/cours-arabe-lecture-fluide.jpg\",\"contentUrl\":\"https:\\\/\\\/razva.com\\\/edu\\\/wp-content\\\/uploads\\\/2026\\\/02\\\/cours-arabe-lecture-fluide.jpg\",\"width\":1920,\"height\":1080,\"caption\":\"Cours d\u2019arabe d\u00e9butant pour am\u00e9liorer la lecture fluide et la compr\u00e9hension\"},{\"@type\":\"BreadcrumbList\",\"@id\":\"https:\\\/\\\/razva.com\\\/edu\\\/produit\\\/cours-darabe-en-ligne-debutant-module-3\\\/#breadcrumb\",\"itemListElement\":[{\"@type\":\"ListItem\",\"position\":1,\"name\":\"Institut islamique\",\"item\":\"https:\\\/\\\/razva.com\\\/edu\\\/\"},{\"@type\":\"ListItem\",\"position\":2,\"name\":\"Boutique\",\"item\":\"https:\\\/\\\/razva.com\\\/edu\\\/boutique\\\/\"},{\"@type\":\"ListItem\",\"position\":3,\"name\":\"Arabe | D\u00e9butant | Module 3\"}]},{\"@type\":\"WebSite\",\"@id\":\"https:\\\/\\\/razva.com\\\/edu\\\/#website\",\"url\":\"https:\\\/\\\/razva.com\\\/edu\\\/\",\"name\":\"Razva\",\"description\":\"Institut Islamique en ligne\",\"potentialAction\":[{\"@type\":\"SearchAction\",\"target\":{\"@type\":\"EntryPoint\",\"urlTemplate\":\"https:\\\/\\\/razva.com\\\/edu\\\/?s={search_term_string}\"},\"query-input\":{\"@type\":\"PropertyValueSpecification\",\"valueRequired\":true,\"valueName\":\"search_term_string\"}}],\"inLanguage\":\"fr-FR\"}]}<\/script>\n<meta property=\"product:price:amount\" content=\"24.00\" \/>\n<meta property=\"product:price:currency\" content=\"EUR\" \/>\n<meta property=\"og:availability\" content=\"instock\" \/>\n<meta property=\"product:availability\" content=\"instock\" \/>\n<meta property=\"product:condition\" content=\"new\" \/>\n<!-- \/ Yoast SEO plugin. -->","yoast_head_json":{"title":"Arabe | D\u00e9butant | Module 3 - Razva","robots":{"index":"noindex","follow":"follow"},"og_locale":"fr_FR","og_type":"article","og_title":"Arabe | D\u00e9butant | Module 3 - Razva","og_url":"https:\/\/razva.com\/edu\/produit\/cours-darabe-en-ligne-debutant-module-3\/","og_site_name":"Razva","article_modified_time":"2026-02-19T23:51:19+00:00","og_image":[{"width":700,"height":430,"url":"https:\/\/razva.com\/edu\/wp-content\/uploads\/2023\/01\/Cours-dArabe-en-ligne-Debutant-Module-3.webp","type":"image\/webp"}],"twitter_card":"summary_large_image","twitter_misc":{"Prix":"24.00&euro;","Disponibilit\u00e9":"En stock"},"schema":{"@context":"https:\/\/schema.org","@graph":[{"@type":"WebPage","@id":"https:\/\/razva.com\/edu\/produit\/cours-darabe-en-ligne-debutant-module-3\/","url":"https:\/\/razva.com\/edu\/produit\/cours-darabe-en-ligne-debutant-module-3\/","name":"Arabe | D\u00e9butant | Module 3 - Razva","isPartOf":{"@id":"https:\/\/razva.com\/edu\/#website"},"primaryImageOfPage":{"@id":"https:\/\/razva.com\/edu\/produit\/cours-darabe-en-ligne-debutant-module-3\/#primaryimage"},"image":{"@id":"https:\/\/razva.com\/edu\/produit\/cours-darabe-en-ligne-debutant-module-3\/#primaryimage"},"thumbnailUrl":"https:\/\/razva.com\/edu\/wp-content\/uploads\/2026\/02\/cours-arabe-lecture-fluide.jpg","datePublished":"2023-01-17T21:13:57+00:00","dateModified":"2026-02-19T23:51:19+00:00","breadcrumb":{"@id":"https:\/\/razva.com\/edu\/produit\/cours-darabe-en-ligne-debutant-module-3\/#breadcrumb"},"inLanguage":"fr-FR","potentialAction":[{"@type":"ReadAction","target":["https:\/\/razva.com\/edu\/produit\/cours-darabe-en-ligne-debutant-module-3\/"]}]},{"@type":"ImageObject","inLanguage":"fr-FR","@id":"https:\/\/razva.com\/edu\/produit\/cours-darabe-en-ligne-debutant-module-3\/#primaryimage","url":"https:\/\/razva.com\/edu\/wp-content\/uploads\/2026\/02\/cours-arabe-lecture-fluide.jpg","contentUrl":"https:\/\/razva.com\/edu\/wp-content\/uploads\/2026\/02\/cours-arabe-lecture-fluide.jpg","width":1920,"height":1080,"caption":"Cours d\u2019arabe d\u00e9butant pour am\u00e9liorer la lecture fluide et la compr\u00e9hension"},{"@type":"BreadcrumbList","@id":"https:\/\/razva.com\/edu\/produit\/cours-darabe-en-ligne-debutant-module-3\/#breadcrumb","itemListElement":[{"@type":"ListItem","position":1,"name":"Institut islamique","item":"https:\/\/razva.com\/edu\/"},{"@type":"ListItem","position":2,"name":"Boutique","item":"https:\/\/razva.com\/edu\/boutique\/"},{"@type":"ListItem","position":3,"name":"Arabe | D\u00e9butant | Module 3"}]},{"@type":"WebSite","@id":"https:\/\/razva.com\/edu\/#website","url":"https:\/\/razva.com\/edu\/","name":"Razva","description":"Institut Islamique en ligne","potentialAction":[{"@type":"SearchAction","target":{"@type":"EntryPoint","urlTemplate":"https:\/\/razva.com\/edu\/?s={search_term_string}"},"query-input":{"@type":"PropertyValueSpecification","valueRequired":true,"valueName":"search_term_string"}}],"inLanguage":"fr-FR"}]},"product_price_amount":"24.00","product_price_currency":"EUR","og_availability":"instock","product_availability":"instock","product_condition":"new"},"_links":{"self":[{"href":"https:\/\/razva.com\/edu\/wp-json\/wp\/v2\/product\/899","targetHints":{"allow":["GET"]}}],"collection":[{"href":"https:\/\/razva.com\/edu\/wp-json\/wp\/v2\/product"}],"about":[{"href":"https:\/\/razva.com\/edu\/wp-json\/wp\/v2\/types\/product"}],"wp:featuredmedia":[{"embeddable":true,"href":"https:\/\/razva.com\/edu\/wp-json\/wp\/v2\/media\/9967"}],"wp:attachment":[{"href":"https:\/\/razva.com\/edu\/wp-json\/wp\/v2\/media?parent=899"}],"wp:term":[{"taxonomy":"product_brand","embeddable":true,"href":"https:\/\/razva.com\/edu\/wp-json\/wp\/v2\/product_brand?post=899"},{"taxonomy":"product_cat","embeddable":true,"href":"https:\/\/razva.com\/edu\/wp-json\/wp\/v2\/product_cat?post=899"},{"taxonomy":"product_tag","embeddable":true,"href":"https:\/\/razva.com\/edu\/wp-json\/wp\/v2\/product_tag?post=899"}],"curies":[{"name":"wp","href":"https:\/\/api.w.org\/{rel}","templated":true}]}}